{"id":2327,"date":"2022-01-13T18:46:16","date_gmt":"2022-01-13T17:46:16","guid":{"rendered":"https:\/\/miele-futureliving.ch\/micro-living\/"},"modified":"2024-07-03T14:23:37","modified_gmt":"2024-07-03T13:23:37","slug":"micro-living","status":"publish","type":"page","link":"https:\/\/miele-futureliving.ch\/fr\/micro-living\/","title":{"rendered":"Micro Living"},"content":{"rendered":"\t\t<div data-elementor-type=\"wp-page\" data-elementor-id=\"2327\" class=\"elementor elementor-2327 elementor-23\">\n\t\t\t\t\t\t\t\t\t<section class=\"elementor-section elementor-top-section elementor-element elementor-element-e143033 fullwidth-image elementor-section-full_width elementor-section-height-default elementor-section-height-default\" data-id=\"e143033\" data-element_type=\"section\" data-settings=\"{&quot;background_background&quot;:&quot;classic&quot;}\">\n\t\t\t\t\t\t<div class=\"elementor-container elementor-column-gap-default\">\n\t\t\t\t\t<div class=\"elementor-column elementor-col-100 elementor-top-column elementor-element elementor-element-4bb16a7\" data-id=\"4bb16a7\" data-element_type=\"column\">\n\t\t\t<div class=\"elementor-widget-wrap elementor-element-populated\">\n\t\t\t\t\t\t\t\t<div class=\"elementor-element elementor-element-d9bb0ea preline elementor-widget elementor-widget-text-editor\" data-id=\"d9bb0ea\" data-element_type=\"widget\" data-widget_type=\"text-editor.default\">\n\t\t\t\t<div class=\"elementor-widget-container\">\n\t\t\t<style>\/*! elementor - v3.10.2 - 29-01-2023 *\/\n.elementor-widget-text-editor.elementor-drop-cap-view-stacked .elementor-drop-cap{background-color:#818a91;color:#fff}.elementor-widget-text-editor.elementor-drop-cap-view-framed .elementor-drop-cap{color:#818a91;border:3px solid;background-color:transparent}.elementor-widget-text-editor:not(.elementor-drop-cap-view-default) .elementor-drop-cap{margin-top:8px}.elementor-widget-text-editor:not(.elementor-drop-cap-view-default) .elementor-drop-cap-letter{width:1em;height:1em}.elementor-widget-text-editor .elementor-drop-cap{float:left;text-align:center;line-height:1;font-size:50px}.elementor-widget-text-editor .elementor-drop-cap-letter{display:inline-block}<\/style>\t\t\t\t<p>D\u00e9couvrez<\/p>\n\t\t\t\t\t\t<\/div>\n\t\t\t\t<\/div>\n\t\t\t\t<div class=\"elementor-element elementor-element-220b796 headline elementor-widget elementor-widget-heading\" data-id=\"220b796\" data-element_type=\"widget\" data-widget_type=\"heading.default\">\n\t\t\t\t<div class=\"elementor-widget-container\">\n\t\t\t<style>\/*! elementor - v3.10.2 - 29-01-2023 *\/\n.elementor-heading-title{padding:0;margin:0;line-height:1}.elementor-widget-heading .elementor-heading-title[class*=elementor-size-]>a{color:inherit;font-size:inherit;line-height:inherit}.elementor-widget-heading .elementor-heading-title.elementor-size-small{font-size:15px}.elementor-widget-heading .elementor-heading-title.elementor-size-medium{font-size:19px}.elementor-widget-heading .elementor-heading-title.elementor-size-large{font-size:29px}.elementor-widget-heading .elementor-heading-title.elementor-size-xl{font-size:39px}.elementor-widget-heading .elementor-heading-title.elementor-size-xxl{font-size:59px}<\/style><h2 class=\"elementor-heading-title elementor-size-default\">Micro Living<\/h2>\t\t<\/div>\n\t\t\t\t<\/div>\n\t\t\t\t<div class=\"elementor-element elementor-element-3bf9cf8 description elementor-widget elementor-widget-text-editor\" data-id=\"3bf9cf8\" data-element_type=\"widget\" data-widget_type=\"text-editor.default\">\n\t\t\t\t<div class=\"elementor-widget-container\">\n\t\t\t\t\t\t\t<p>C&rsquo;est de la qualit\u00e9 en avance sur son temps.<\/p>\n\t\t\t\t\t\t<\/div>\n\t\t\t\t<\/div>\n\t\t\t\t\t<\/div>\n\t\t<\/div>\n\t\t\t\t\t\t\t<\/div>\n\t\t<\/section>\n\t\t\t\t<section class=\"elementor-section elementor-top-section elementor-element elementor-element-3d70b330 elementor-section-full_width onpage-nav elementor-section-height-default elementor-section-height-default\" data-id=\"3d70b330\" data-element_type=\"section\">\n\t\t\t\t\t\t<div class=\"elementor-container elementor-column-gap-default\">\n\t\t\t\t\t<div class=\"elementor-column elementor-col-100 elementor-top-column elementor-element elementor-element-69840d7f\" data-id=\"69840d7f\" data-element_type=\"column\">\n\t\t\t<div class=\"elementor-widget-wrap elementor-element-populated\">\n\t\t\t\t\t\t\t\t<div class=\"elementor-element elementor-element-29d0b58d elementor-nav-menu--dropdown-none elementor-widget elementor-widget-nav-menu\" data-id=\"29d0b58d\" data-element_type=\"widget\" data-settings=\"{&quot;layout&quot;:&quot;horizontal&quot;,&quot;submenu_icon&quot;:{&quot;value&quot;:&quot;&lt;i class=\\&quot;fas fa-caret-down\\&quot;&gt;&lt;\\\/i&gt;&quot;,&quot;library&quot;:&quot;fa-solid&quot;}}\" data-widget_type=\"nav-menu.default\">\n\t\t\t\t<div class=\"elementor-widget-container\">\n\t\t\t<link rel=\"stylesheet\" href=\"https:\/\/miele-futureliving.ch\/wp-content\/plugins\/elementor-pro\/assets\/css\/widget-nav-menu.min.css\">\t\t\t<nav migration_allowed=\"1\" migrated=\"0\" role=\"navigation\" class=\"elementor-nav-menu--main elementor-nav-menu__container elementor-nav-menu--layout-horizontal e--pointer-none\">\n\t\t\t\t<ul id=\"menu-1-29d0b58d\" class=\"elementor-nav-menu\"><li class=\"menu-item menu-item-type-post_type menu-item-object-page menu-item-home menu-item-2336\"><a href=\"https:\/\/miele-futureliving.ch\/fr\/\" class=\"elementor-item\">Future Living by Miele<\/a><\/li>\n<li class=\"menu-item menu-item-type-post_type menu-item-object-page menu-item-2452\"><a href=\"https:\/\/miele-futureliving.ch\/fr\/smart-living\/\" class=\"elementor-item\">Smart Living<\/a><\/li>\n<li class=\"menu-item menu-item-type-post_type menu-item-object-page menu-item-2454\"><a href=\"https:\/\/miele-futureliving.ch\/fr\/sustainable-living\/\" class=\"elementor-item\">Sustainable Living<\/a><\/li>\n<li class=\"menu-item menu-item-type-post_type menu-item-object-page menu-item-2337\"><a href=\"https:\/\/miele-futureliving.ch\/fr\/micro-living\/\" class=\"elementor-item\">Micro Living<\/a><\/li>\n<li class=\"menu-item menu-item-type-post_type menu-item-object-page menu-item-2453\"><a href=\"https:\/\/miele-futureliving.ch\/fr\/social-living\/\" class=\"elementor-item\">Social Living<\/a><\/li>\n<li class=\"menu-item menu-item-type-custom menu-item-object-custom menu-item-1935\"><a href=\"\/\" class=\"elementor-item\">DE<\/a><\/li>\n<li class=\"menu-item menu-item-type-custom menu-item-object-custom menu-item-1936\"><a href=\"\/it\" class=\"elementor-item\">IT<\/a><\/li>\n<\/ul>\t\t\t<\/nav>\n\t\t\t\t\t<div class=\"elementor-menu-toggle\" role=\"button\" tabindex=\"0\" aria-label=\"Permuter le menu\" aria-expanded=\"false\">\n\t\t\t<i aria-hidden=\"true\" role=\"presentation\" class=\"elementor-menu-toggle__icon--open eicon-menu-bar\"><\/i><i aria-hidden=\"true\" role=\"presentation\" class=\"elementor-menu-toggle__icon--close eicon-close\"><\/i>\t\t\t<span class=\"elementor-screen-only\">Menu<\/span>\n\t\t<\/div>\n\t\t\t<nav class=\"elementor-nav-menu--dropdown elementor-nav-menu__container\" role=\"navigation\" aria-hidden=\"true\">\n\t\t\t\t<ul id=\"menu-2-29d0b58d\" class=\"elementor-nav-menu\"><li class=\"menu-item menu-item-type-post_type menu-item-object-page menu-item-home menu-item-2336\"><a href=\"https:\/\/miele-futureliving.ch\/fr\/\" class=\"elementor-item\" tabindex=\"-1\">Future Living by Miele<\/a><\/li>\n<li class=\"menu-item menu-item-type-post_type menu-item-object-page menu-item-2452\"><a href=\"https:\/\/miele-futureliving.ch\/fr\/smart-living\/\" class=\"elementor-item\" tabindex=\"-1\">Smart Living<\/a><\/li>\n<li class=\"menu-item menu-item-type-post_type menu-item-object-page menu-item-2454\"><a href=\"https:\/\/miele-futureliving.ch\/fr\/sustainable-living\/\" class=\"elementor-item\" tabindex=\"-1\">Sustainable Living<\/a><\/li>\n<li class=\"menu-item menu-item-type-post_type menu-item-object-page menu-item-2337\"><a href=\"https:\/\/miele-futureliving.ch\/fr\/micro-living\/\" class=\"elementor-item\" tabindex=\"-1\">Micro Living<\/a><\/li>\n<li class=\"menu-item menu-item-type-post_type menu-item-object-page menu-item-2453\"><a href=\"https:\/\/miele-futureliving.ch\/fr\/social-living\/\" class=\"elementor-item\" tabindex=\"-1\">Social Living<\/a><\/li>\n<li class=\"menu-item menu-item-type-custom menu-item-object-custom menu-item-1935\"><a href=\"\/\" class=\"elementor-item\" tabindex=\"-1\">DE<\/a><\/li>\n<li class=\"menu-item menu-item-type-custom menu-item-object-custom menu-item-1936\"><a href=\"\/it\" class=\"elementor-item\" tabindex=\"-1\">IT<\/a><\/li>\n<\/ul>\t\t\t<\/nav>\n\t\t\t\t<\/div>\n\t\t\t\t<\/div>\n\t\t\t\t\t<\/div>\n\t\t<\/div>\n\t\t\t\t\t\t\t<\/div>\n\t\t<\/section>\n\t\t\t\t<section class=\"elementor-section elementor-top-section elementor-element elementor-element-681da02 elementor-section-boxed elementor-section-height-default elementor-section-height-default\" data-id=\"681da02\" data-element_type=\"section\">\n\t\t\t\t\t\t<div class=\"elementor-container elementor-column-gap-default\">\n\t\t\t\t\t<div class=\"elementor-column elementor-col-100 elementor-top-column elementor-element elementor-element-b8f515f\" data-id=\"b8f515f\" data-element_type=\"column\">\n\t\t\t<div class=\"elementor-widget-wrap elementor-element-populated\">\n\t\t\t\t\t\t\t\t<div class=\"elementor-element elementor-element-3d08e6b elementor-widget elementor-widget-heading\" data-id=\"3d08e6b\" data-element_type=\"widget\" data-widget_type=\"heading.default\">\n\t\t\t\t<div class=\"elementor-widget-container\">\n\t\t\t<h1 class=\"elementor-heading-title elementor-size-default\">Micro Living<\/h1>\t\t<\/div>\n\t\t\t\t<\/div>\n\t\t\t\t\t<\/div>\n\t\t<\/div>\n\t\t\t\t\t\t\t<\/div>\n\t\t<\/section>\n\t\t\t\t<section class=\"elementor-section elementor-top-section elementor-element elementor-element-cca5d71 elementor-section-boxed elementor-section-height-default elementor-section-height-default\" data-id=\"cca5d71\" data-element_type=\"section\">\n\t\t\t\t\t\t<div class=\"elementor-container elementor-column-gap-default\">\n\t\t\t\t\t<div class=\"elementor-column elementor-col-100 elementor-top-column elementor-element elementor-element-a8b7671\" data-id=\"a8b7671\" data-element_type=\"column\">\n\t\t\t<div class=\"elementor-widget-wrap elementor-element-populated\">\n\t\t\t\t\t\t\t\t<div class=\"elementor-element elementor-element-7c6c47d elementor-widget elementor-widget-text-editor\" data-id=\"7c6c47d\" data-element_type=\"widget\" data-widget_type=\"text-editor.default\">\n\t\t\t\t<div class=\"elementor-widget-container\">\n\t\t\t\t\t\t\t<p>Micro Living fait r\u00e9f\u00e9rence \u00e0 la tendance de vivre dans des espaces de vie petits et compacts o\u00f9 l&rsquo;espace est limit\u00e9. Ces logements, \u00e9galement appel\u00e9s micro-appartements ou tiny houses, ont g\u00e9n\u00e9ralement une surface habitable de moins de 30 m\u00e8tres carr\u00e9s et peuvent accueillir des personnes seules ou des couples.<\/p>\n<p>Le Micro Living offre une possibilit\u00e9 d&rsquo;habitat urbain dans des zones dens\u00e9ment peupl\u00e9es tout en r\u00e9duisant le besoin de grands logements. Cela peut \u00eatre une option abordable et encourage un style de vie plus conscient avec moins de possessions mat\u00e9rielles.<\/p>\n\t\t\t\t\t\t<\/div>\n\t\t\t\t<\/div>\n\t\t\t\t\t<\/div>\n\t\t<\/div>\n\t\t\t\t\t\t\t<\/div>\n\t\t<\/section>\n\t\t\t\t<section class=\"elementor-section elementor-top-section elementor-element elementor-element-d2f7afc elementor-section-boxed elementor-section-height-default elementor-section-height-default\" data-id=\"d2f7afc\" data-element_type=\"section\">\n\t\t\t\t\t\t<div class=\"elementor-container elementor-column-gap-default\">\n\t\t\t\t\t<div class=\"elementor-column elementor-col-100 elementor-top-column elementor-element elementor-element-3bb5bf3\" data-id=\"3bb5bf3\" data-element_type=\"column\">\n\t\t\t<div class=\"elementor-widget-wrap elementor-element-populated\">\n\t\t\t\t\t\t\t\t<div class=\"elementor-element elementor-element-b4233b2 elementor-aspect-ratio-169 elementor-widget elementor-widget-video\" data-id=\"b4233b2\" data-element_type=\"widget\" data-settings=\"{&quot;video_type&quot;:&quot;hosted&quot;,&quot;controls&quot;:&quot;yes&quot;,&quot;aspect_ratio&quot;:&quot;169&quot;}\" data-widget_type=\"video.default\">\n\t\t\t\t<div class=\"elementor-widget-container\">\n\t\t\t<style>\/*! elementor - v3.10.2 - 29-01-2023 *\/\n.elementor-widget-video .elementor-widget-container{overflow:hidden;transform:translateZ(0)}.elementor-widget-video .elementor-open-inline .elementor-custom-embed-image-overlay{position:absolute;top:0;left:0;width:100%;height:100%;background-size:cover;background-position:50%}.elementor-widget-video .elementor-custom-embed-image-overlay{cursor:pointer;text-align:center}.elementor-widget-video .elementor-custom-embed-image-overlay:hover .elementor-custom-embed-play i{opacity:1}.elementor-widget-video .elementor-custom-embed-image-overlay img{display:block;width:100%}.elementor-widget-video .e-hosted-video .elementor-video{-o-object-fit:cover;object-fit:cover}.e-con-inner>.elementor-widget-video,.e-con>.elementor-widget-video{width:var(--container-widget-width);--flex-grow:var(--container-widget-flex-grow)}<\/style>\t\t<div class=\"e-hosted-video elementor-wrapper elementor-fit-aspect-ratio elementor-open-inline\">\n\t\t\t\t\t<video class=\"elementor-video\" src=\"https:\/\/miele-futureliving.ch\/wp-content\/uploads\/2023\/06\/miele_future-living_wagonlits_on_h264_16x9_d-1080p.mp4\" controls=\"\" preload=\"metadata\" controlsList=\"nodownload\"><\/video>\n\t\t\t\t<\/div>\n\t\t\t\t<\/div>\n\t\t\t\t<\/div>\n\t\t\t\t\t<\/div>\n\t\t<\/div>\n\t\t\t\t\t\t\t<\/div>\n\t\t<\/section>\n\t\t\t\t<section class=\"elementor-section elementor-top-section elementor-element elementor-element-a6abeae elementor-section-boxed elementor-section-height-default elementor-section-height-default\" data-id=\"a6abeae\" data-element_type=\"section\">\n\t\t\t\t\t\t<div class=\"elementor-container elementor-column-gap-default\">\n\t\t\t\t\t<div class=\"elementor-column elementor-col-100 elementor-top-column elementor-element elementor-element-1c53c9e\" data-id=\"1c53c9e\" data-element_type=\"column\">\n\t\t\t<div class=\"elementor-widget-wrap elementor-element-populated\">\n\t\t\t\t\t\t\t\t<div class=\"elementor-element elementor-element-6280df2 elementor-widget elementor-widget-text-editor\" data-id=\"6280df2\" data-element_type=\"widget\" data-widget_type=\"text-editor.default\">\n\t\t\t\t<div class=\"elementor-widget-container\">\n\t\t\t\t\t\t\t<p>Le Micro Living ne se limite pas \u00e0 la taille de l&rsquo;appartement. Il s&rsquo;agit d&rsquo;utiliser efficacement un espace limit\u00e9 tout en garantissant confort et fonctionnalit\u00e9&#8230; Voici quelques caract\u00e9ristiques et aspects qui peuvent faire partie du Micro Living :<\/p>\n\t\t\t\t\t\t<\/div>\n\t\t\t\t<\/div>\n\t\t\t\t\t<\/div>\n\t\t<\/div>\n\t\t\t\t\t\t\t<\/div>\n\t\t<\/section>\n\t\t\t\t<section class=\"elementor-section elementor-top-section elementor-element elementor-element-b6d6c68 elementor-section-boxed elementor-section-height-default elementor-section-height-default\" data-id=\"b6d6c68\" data-element_type=\"section\">\n\t\t\t\t\t\t<div class=\"elementor-container elementor-column-gap-default\">\n\t\t\t\t\t<div class=\"elementor-column elementor-col-100 elementor-top-column elementor-element elementor-element-d7b8486\" data-id=\"d7b8486\" data-element_type=\"column\">\n\t\t\t<div class=\"elementor-widget-wrap elementor-element-populated\">\n\t\t\t\t\t\t\t\t<div class=\"elementor-element elementor-element-5fe4ad6 elementor-widget elementor-widget-text-editor\" data-id=\"5fe4ad6\" data-element_type=\"widget\" data-widget_type=\"text-editor.default\">\n\t\t\t\t<div class=\"elementor-widget-container\">\n\t\t\t\t\t\t\t<ol>\n<li style=\"text-align: left;\">Optimisation de l&rsquo;espace : le Micro Living n\u00e9cessite un am\u00e9nagement intelligent de l&rsquo;espace afin d&rsquo;utiliser au mieux l&rsquo;espace disponible. Cela implique l&rsquo;utilisation de meubles multifonctionnels tels que des lits escamotables, des \u00e9tag\u00e8res murales avec des postes de travail int\u00e9gr\u00e9s et des solutions de rangement cach\u00e9es ou int\u00e9gr\u00e9es dans les murs.<\/li>\n<li>Design minimaliste : Micro Living encourage un style de vie minimaliste, o\u00f9 l&rsquo;on se concentre sur l&rsquo;essentiel et o\u00f9 l&rsquo;on renonce aux possessions superflues. Le design doit \u00eatre simple, fonctionnel et esth\u00e9tique afin de cr\u00e9er une atmosph\u00e8re agr\u00e9able et sereine.<\/li>\n<li>Espaces communs : l&rsquo;espace d&rsquo;habitation \u00e9tant limit\u00e9, de nombreux concepts de micro-living misent sur des espaces et des \u00e9quipements communs. Il peut s&rsquo;agir de cuisines communes, de salles d&rsquo;eau, de salles de sport ou d&rsquo;espaces de d\u00e9tente partag\u00e9s par les r\u00e9sidents.<\/li>\n<li style=\"text-align: left;\">Int\u00e9gration de la technologie : les technologies de la maison intelligente sont souvent utilis\u00e9es dans les micrologements afin d&rsquo;am\u00e9liorer le confort de vie et d&rsquo;utiliser efficacement l&rsquo;espace limit\u00e9. Cela peut inclure le contr\u00f4le de l&rsquo;\u00e9clairage, de la temp\u00e9rature et des syst\u00e8mes de s\u00e9curit\u00e9 via des hubs smart home ou des applications mobiles.<\/li>\n<li>Durabilit\u00e9 : le micro habitat peut \u00e9galement aller de pair avec des principes de durabilit\u00e9, comme l&rsquo;utilisation de mat\u00e9riaux de construction \u00e9cologiques, d&rsquo;appareils \u00e0 faible consommation d&rsquo;\u00e9nergie et l&rsquo;int\u00e9gration d&rsquo;\u00e9nergies renouvelables.<\/li>\n<\/ol>\n\t\t\t\t\t\t<\/div>\n\t\t\t\t<\/div>\n\t\t\t\t\t<\/div>\n\t\t<\/div>\n\t\t\t\t\t\t\t<\/div>\n\t\t<\/section>\n\t\t\t\t\t\t\t<\/div>\n\t\t","protected":false},"excerpt":{"rendered":"<p>D\u00e9couvrez Micro Living C&rsquo;est de la qualit\u00e9 en avance sur son temps. Micro Living Micro Living fait r\u00e9f\u00e9rence \u00e0 la tendance de vivre dans des espaces de vie petits et compacts o\u00f9 l&rsquo;espace est limit\u00e9. Ces logements, \u00e9galement appel\u00e9s micro-appartements ou tiny houses, ont g\u00e9n\u00e9ralement une surface habitable de moins de 30 m\u00e8tres carr\u00e9s et [&hellip;]<\/p>\n","protected":false},"author":1,"featured_media":0,"parent":0,"menu_order":1,"comment_status":"closed","ping_status":"closed","template":"","meta":[],"yoast_head":"<!-- This site is optimized with the Yoast SEO plugin v21.1 - https:\/\/yoast.com\/wordpress\/plugins\/seo\/ -->\n<title>Micro Living - Future Living<\/title>\n<meta name=\"description\" content=\"Micro Living, Co-Living, Cluster-Living, Co-Working, Shared Space\" \/>\n<meta name=\"robots\" content=\"index, follow, max-snippet:-1, max-image-preview:large, max-video-preview:-1\" \/>\n<link rel=\"canonical\" href=\"https:\/\/miele-futureliving.ch\/fr\/micro-living\/\" \/>\n<meta property=\"og:locale\" content=\"fr_FR\" \/>\n<meta property=\"og:type\" content=\"article\" \/>\n<meta property=\"og:title\" content=\"Micro Living - Future Living\" \/>\n<meta property=\"og:description\" content=\"Micro Living, Co-Living, Cluster-Living, Co-Working, Shared Space\" \/>\n<meta property=\"og:url\" content=\"https:\/\/miele-futureliving.ch\/fr\/micro-living\/\" \/>\n<meta property=\"og:site_name\" content=\"Future Living\" \/>\n<meta property=\"article:modified_time\" content=\"2024-07-03T13:23:37+00:00\" \/>\n<meta name=\"twitter:card\" content=\"summary_large_image\" \/>\n<script type=\"application\/ld+json\" class=\"yoast-schema-graph\">{\"@context\":\"https:\/\/schema.org\",\"@graph\":[{\"@type\":\"WebPage\",\"@id\":\"https:\/\/miele-futureliving.ch\/fr\/micro-living\/\",\"url\":\"https:\/\/miele-futureliving.ch\/fr\/micro-living\/\",\"name\":\"Micro Living - Future Living\",\"isPartOf\":{\"@id\":\"https:\/\/miele-futureliving.ch\/fr\/#website\"},\"datePublished\":\"2022-01-13T17:46:16+00:00\",\"dateModified\":\"2024-07-03T13:23:37+00:00\",\"description\":\"Micro Living, Co-Living, Cluster-Living, Co-Working, Shared Space\",\"breadcrumb\":{\"@id\":\"https:\/\/miele-futureliving.ch\/fr\/micro-living\/#breadcrumb\"},\"inLanguage\":\"fr-FR\",\"potentialAction\":[{\"@type\":\"ReadAction\",\"target\":[\"https:\/\/miele-futureliving.ch\/fr\/micro-living\/\"]}]},{\"@type\":\"BreadcrumbList\",\"@id\":\"https:\/\/miele-futureliving.ch\/fr\/micro-living\/#breadcrumb\",\"itemListElement\":[{\"@type\":\"ListItem\",\"position\":1,\"name\":\"Startseite\",\"item\":\"https:\/\/miele-futureliving.ch\/fr\/\"},{\"@type\":\"ListItem\",\"position\":2,\"name\":\"Micro Living\"}]},{\"@type\":\"WebSite\",\"@id\":\"https:\/\/miele-futureliving.ch\/fr\/#website\",\"url\":\"https:\/\/miele-futureliving.ch\/fr\/\",\"name\":\"Future Living\",\"description\":\"by Miele\",\"publisher\":{\"@id\":\"https:\/\/miele-futureliving.ch\/fr\/#organization\"},\"potentialAction\":[{\"@type\":\"SearchAction\",\"target\":{\"@type\":\"EntryPoint\",\"urlTemplate\":\"https:\/\/miele-futureliving.ch\/fr\/?s={search_term_string}\"},\"query-input\":\"required name=search_term_string\"}],\"inLanguage\":\"fr-FR\"},{\"@type\":\"Organization\",\"@id\":\"https:\/\/miele-futureliving.ch\/fr\/#organization\",\"name\":\"Miele Schweiz\",\"url\":\"https:\/\/miele-futureliving.ch\/fr\/\",\"logo\":{\"@type\":\"ImageObject\",\"inLanguage\":\"fr-FR\",\"@id\":\"https:\/\/miele-futureliving.ch\/fr\/#\/schema\/logo\/image\/\",\"url\":\"https:\/\/miele-futureliving.ch\/wp-content\/uploads\/2022\/01\/Miele_Logo_Red.svg\",\"contentUrl\":\"https:\/\/miele-futureliving.ch\/wp-content\/uploads\/2022\/01\/Miele_Logo_Red.svg\",\"width\":1,\"height\":1,\"caption\":\"Miele Schweiz\"},\"image\":{\"@id\":\"https:\/\/miele-futureliving.ch\/fr\/#\/schema\/logo\/image\/\"}}]}<\/script>\n<!-- \/ Yoast SEO plugin. -->","yoast_head_json":{"title":"Micro Living - Future Living","description":"Micro Living, Co-Living, Cluster-Living, Co-Working, Shared Space","robots":{"index":"index","follow":"follow","max-snippet":"max-snippet:-1","max-image-preview":"max-image-preview:large","max-video-preview":"max-video-preview:-1"},"canonical":"https:\/\/miele-futureliving.ch\/fr\/micro-living\/","og_locale":"fr_FR","og_type":"article","og_title":"Micro Living - Future Living","og_description":"Micro Living, Co-Living, Cluster-Living, Co-Working, Shared Space","og_url":"https:\/\/miele-futureliving.ch\/fr\/micro-living\/","og_site_name":"Future Living","article_modified_time":"2024-07-03T13:23:37+00:00","twitter_card":"summary_large_image","schema":{"@context":"https:\/\/schema.org","@graph":[{"@type":"WebPage","@id":"https:\/\/miele-futureliving.ch\/fr\/micro-living\/","url":"https:\/\/miele-futureliving.ch\/fr\/micro-living\/","name":"Micro Living - Future Living","isPartOf":{"@id":"https:\/\/miele-futureliving.ch\/fr\/#website"},"datePublished":"2022-01-13T17:46:16+00:00","dateModified":"2024-07-03T13:23:37+00:00","description":"Micro Living, Co-Living, Cluster-Living, Co-Working, Shared Space","breadcrumb":{"@id":"https:\/\/miele-futureliving.ch\/fr\/micro-living\/#breadcrumb"},"inLanguage":"fr-FR","potentialAction":[{"@type":"ReadAction","target":["https:\/\/miele-futureliving.ch\/fr\/micro-living\/"]}]},{"@type":"BreadcrumbList","@id":"https:\/\/miele-futureliving.ch\/fr\/micro-living\/#breadcrumb","itemListElement":[{"@type":"ListItem","position":1,"name":"Startseite","item":"https:\/\/miele-futureliving.ch\/fr\/"},{"@type":"ListItem","position":2,"name":"Micro Living"}]},{"@type":"WebSite","@id":"https:\/\/miele-futureliving.ch\/fr\/#website","url":"https:\/\/miele-futureliving.ch\/fr\/","name":"Future Living","description":"by Miele","publisher":{"@id":"https:\/\/miele-futureliving.ch\/fr\/#organization"},"potentialAction":[{"@type":"SearchAction","target":{"@type":"EntryPoint","urlTemplate":"https:\/\/miele-futureliving.ch\/fr\/?s={search_term_string}"},"query-input":"required name=search_term_string"}],"inLanguage":"fr-FR"},{"@type":"Organization","@id":"https:\/\/miele-futureliving.ch\/fr\/#organization","name":"Miele Schweiz","url":"https:\/\/miele-futureliving.ch\/fr\/","logo":{"@type":"ImageObject","inLanguage":"fr-FR","@id":"https:\/\/miele-futureliving.ch\/fr\/#\/schema\/logo\/image\/","url":"https:\/\/miele-futureliving.ch\/wp-content\/uploads\/2022\/01\/Miele_Logo_Red.svg","contentUrl":"https:\/\/miele-futureliving.ch\/wp-content\/uploads\/2022\/01\/Miele_Logo_Red.svg","width":1,"height":1,"caption":"Miele Schweiz"},"image":{"@id":"https:\/\/miele-futureliving.ch\/fr\/#\/schema\/logo\/image\/"}}]}},"_links":{"self":[{"href":"https:\/\/miele-futureliving.ch\/fr\/wp-json\/wp\/v2\/pages\/2327"}],"collection":[{"href":"https:\/\/miele-futureliving.ch\/fr\/wp-json\/wp\/v2\/pages"}],"about":[{"href":"https:\/\/miele-futureliving.ch\/fr\/wp-json\/wp\/v2\/types\/page"}],"author":[{"embeddable":true,"href":"https:\/\/miele-futureliving.ch\/fr\/wp-json\/wp\/v2\/users\/1"}],"replies":[{"embeddable":true,"href":"https:\/\/miele-futureliving.ch\/fr\/wp-json\/wp\/v2\/comments?post=2327"}],"version-history":[{"count":8,"href":"https:\/\/miele-futureliving.ch\/fr\/wp-json\/wp\/v2\/pages\/2327\/revisions"}],"predecessor-version":[{"id":2830,"href":"https:\/\/miele-futureliving.ch\/fr\/wp-json\/wp\/v2\/pages\/2327\/revisions\/2830"}],"wp:attachment":[{"href":"https:\/\/miele-futureliving.ch\/fr\/wp-json\/wp\/v2\/media?parent=2327"}],"curies":[{"name":"wp","href":"https:\/\/api.w.org\/{rel}","templated":true}]}}